{"id":25214,"date":"2023-11-23T14:24:51","date_gmt":"2023-11-23T11:24:51","guid":{"rendered":"https:\/\/talaycustoms.com\/request-for-quote\/"},"modified":"2025-02-27T11:26:03","modified_gmt":"2025-02-27T08:26:03","slug":"request-for-quote","status":"publish","type":"page","link":"https:\/\/talaycustoms.com\/en\/request-for-quote\/","title":{"rendered":"Request For Quote"},"content":{"rendered":"\t\t<div data-elementor-type=\"wp-page\" data-elementor-id=\"25214\" class=\"elementor elementor-25214 elementor-23456\">\n\t\t\t\t<div class=\"elementor-element elementor-element-8c059f9 e-flex e-con-boxed e-con e-parent\" data-id=\"8c059f9\" data-element_type=\"container\" data-settings=\"{&quot;background_background&quot;:&quot;classic&quot;}\">\n\t\t\t\t\t<div class=\"e-con-inner\">\n\t\t<div class=\"elementor-element elementor-element-da4a422 e-con-full e-flex e-con e-child\" data-id=\"da4a422\" data-element_type=\"container\">\n\t\t\t\t<div class=\"elementor-element elementor-element-3c76c0d animated-fast elementor-invisible elementor-widget elementor-widget-elementskit-heading\" data-id=\"3c76c0d\" data-element_type=\"widget\" data-settings=\"{&quot;ekit_we_effect_on&quot;:&quot;css&quot;,&quot;_animation&quot;:&quot;fadeIn&quot;,&quot;_animation_delay&quot;:100}\" data-widget_type=\"elementskit-heading.default\">\n\t\t\t\t<div class=\"elementor-widget-container\">\n\t\t\t\t\t<div class=\"ekit-wid-con\" ><div class=\"ekit-heading elementskit-section-title-wraper text_center   ekit_heading_tablet-   ekit_heading_mobile-\"><h1 class=\"ekit-heading--title elementskit-section-title \">Request For Quote<\/h1>\t\t\t\t<div class='ekit-heading__description'>\n\t\t\t\t\t<p>Filling out the form below completely<br \/>will ensure a perfect response to you.<\/p>\n\t\t\t\t<\/div>\n\t\t\t<\/div><\/div>\t\t\t\t<\/div>\n\t\t\t\t<\/div>\n\t\t\t\t<\/div>\n\t\t\t\t\t<\/div>\n\t\t\t\t<\/div>\n\t\t<div class=\"elementor-element elementor-element-2ced771 e-flex e-con-boxed e-con e-parent\" data-id=\"2ced771\" data-element_type=\"container\" data-settings=\"{&quot;background_background&quot;:&quot;gradient&quot;}\">\n\t\t\t\t\t<div class=\"e-con-inner\">\n\t\t<div class=\"elementor-element elementor-element-9b34a91 e-con-full e-flex e-con e-child\" data-id=\"9b34a91\" data-element_type=\"container\">\n\t\t<div class=\"elementor-element elementor-element-821d846 e-con-full animated-fast e-flex elementor-invisible e-con e-child\" data-id=\"821d846\" data-element_type=\"container\" data-settings=\"{&quot;background_background&quot;:&quot;classic&quot;,&quot;animation&quot;:&quot;fadeInUp&quot;,&quot;animation_delay&quot;:100}\">\n\t\t<div class=\"elementor-element elementor-element-3b0aff8 e-con-full e-flex e-con e-child\" data-id=\"3b0aff8\" data-element_type=\"container\" data-settings=\"{&quot;background_background&quot;:&quot;classic&quot;}\">\n\t\t\t\t<div class=\"elementor-element elementor-element-1cc3263 elementor-widget elementor-widget-shortcode\" data-id=\"1cc3263\" data-element_type=\"widget\" data-settings=\"{&quot;ekit_we_effect_on&quot;:&quot;none&quot;}\" data-widget_type=\"shortcode.default\">\n\t\t\t\t<div class=\"elementor-widget-container\">\n\t\t\t\t\t\t\t<div class=\"elementor-shortcode\"><div class=\"forminator-ui forminator-custom-form forminator-custom-form-25510 forminator-design--default  forminator_ajax\" data-forminator-render=\"0\" data-form=\"forminator-module-25510\" data-uid=\"69e73a2de9c27\"><br\/><\/div><form\n\t\t\t\tid=\"forminator-module-25510\"\n\t\t\t\tclass=\"forminator-ui forminator-custom-form forminator-custom-form-25510 forminator-design--default  forminator_ajax\"\n\t\t\t\tmethod=\"post\"\n\t\t\t\tdata-forminator-render=\"0\"\n\t\t\t\tdata-form-id=\"25510\"\n\t\t\t\t\n\t\t\t\tdata-design=\"default\"\n\t\t\t\t\n\t\t\t\t\n\t\t\t\t\n\t\t\t\tdata-grid=\"open\"\n\t\t\t\t\n\t\t\t\t\n\t\t\t\tstyle=\"display: none;\"\n\t\t\t\t\n\t\t\t\tdata-uid=\"69e73a2de9c27\"\n\t\t\t><div role=\"alert\" aria-live=\"polite\" class=\"forminator-response-message forminator-error\" aria-hidden=\"true\"><\/div><div class=\"forminator-row\"><div id=\"name-1\" class=\"forminator-field-name forminator-col forminator-col-12 \"><div class=\"forminator-field\"><input type=\"text\" name=\"name-1\" value=\"\" placeholder=\"Your Name *\" id=\"forminator-field-name-1_69e73a2de9c27\" class=\"forminator-input forminator-name--field\" aria-required=\"true\" \/><\/div><\/div><\/div><div class=\"forminator-row\"><div id=\"text-1\" class=\"forminator-field-text forminator-col forminator-col-12 \"><div class=\"forminator-field\"><input type=\"text\" name=\"text-1\" value=\"\" placeholder=\"Your Company *\" id=\"forminator-field-text-1_69e73a2de9c27\" class=\"forminator-input forminator-name--field\" data-required=\"1\" \/><\/div><\/div><\/div><div class=\"forminator-row\"><div id=\"phone-1\" class=\"forminator-field-phone forminator-col forminator-col-12 \"><div class=\"forminator-field\"><input type=\"text\" name=\"phone-1\" value=\"\" placeholder=\"Your Phone Number *\" id=\"forminator-field-phone-1_69e73a2de9c27\" class=\"forminator-input forminator-field--phone\" data-required=\"1\" aria-required=\"true\" autocomplete=\"off\" data-national_mode=\"disabled\" data-country=\"tr\" data-validation=\"international\" \/><\/div><\/div><\/div><div class=\"forminator-row\"><div id=\"email-1\" class=\"forminator-field-email forminator-col forminator-col-12 \"><div class=\"forminator-field\"><input type=\"email\" name=\"email-1\" value=\"\" placeholder=\"Your Email Address *\" id=\"forminator-field-email-1_69e73a2de9c27\" class=\"forminator-input forminator-email--field\" data-required=\"1\" aria-required=\"true\" \/><\/div><\/div><\/div><div class=\"forminator-row\"><div id=\"checkbox-1\" class=\"forminator-field-checkbox forminator-col forminator-col-12 \"><div role=\"group\" class=\"forminator-field required\" aria-labelledby=\"forminator-checkbox-group-forminator-field-checkbox-1-69e73a2de9c27-label\"><span id=\"forminator-checkbox-group-forminator-field-checkbox-1-69e73a2de9c27-label\" class=\"forminator-label\">How can we help you? <span class=\"forminator-required\">*<\/span><\/span><label id=\"forminator-field-checkbox-1-1-69e73a2de9c27-label\" for=\"forminator-field-checkbox-1-1-69e73a2de9c27\" class=\"forminator-checkbox forminator-checkbox-inline\" title=\"Customs Consultancy\"><input type=\"checkbox\" name=\"checkbox-1[]\" value=\"one\" id=\"forminator-field-checkbox-1-1-69e73a2de9c27\" aria-labelledby=\"forminator-field-checkbox-1-1-69e73a2de9c27-label\" data-calculation=\"0\"   data-hidden-behavior=\"zero\"\/><span class=\"forminator-checkbox-box\" aria-hidden=\"true\"><\/span><span class=\"forminator-checkbox-label\">Customs Consultancy<\/span><\/label><label id=\"forminator-field-checkbox-1-2-69e73a2de9c27-label\" for=\"forminator-field-checkbox-1-2-69e73a2de9c27\" class=\"forminator-checkbox forminator-checkbox-inline\" title=\"Certification and Documentation\"><input type=\"checkbox\" name=\"checkbox-1[]\" value=\"two\" id=\"forminator-field-checkbox-1-2-69e73a2de9c27\" aria-labelledby=\"forminator-field-checkbox-1-2-69e73a2de9c27-label\" data-calculation=\"0\"   data-hidden-behavior=\"zero\"\/><span class=\"forminator-checkbox-box\" aria-hidden=\"true\"><\/span><span class=\"forminator-checkbox-label\">Certification and Documentation<\/span><\/label><label id=\"forminator-field-checkbox-1-3-69e73a2de9c27-label\" for=\"forminator-field-checkbox-1-3-69e73a2de9c27\" class=\"forminator-checkbox forminator-checkbox-inline\" title=\"Supply Chain Management\"><input type=\"checkbox\" name=\"checkbox-1[]\" value=\"Tedarik-Zinciri-Y\u00f6netimi\" id=\"forminator-field-checkbox-1-3-69e73a2de9c27\" aria-labelledby=\"forminator-field-checkbox-1-3-69e73a2de9c27-label\" data-calculation=\"0\"   data-hidden-behavior=\"zero\"\/><span class=\"forminator-checkbox-box\" aria-hidden=\"true\"><\/span><span class=\"forminator-checkbox-label\">Supply Chain Management<\/span><\/label><label id=\"forminator-field-checkbox-1-4-69e73a2de9c27-label\" for=\"forminator-field-checkbox-1-4-69e73a2de9c27\" class=\"forminator-checkbox forminator-checkbox-inline\" title=\"After-Sales Certification\"><input type=\"checkbox\" name=\"checkbox-1[]\" value=\"Sat\u0131\u015f-Sonras\u0131-Belgelendirme\" id=\"forminator-field-checkbox-1-4-69e73a2de9c27\" aria-labelledby=\"forminator-field-checkbox-1-4-69e73a2de9c27-label\" data-calculation=\"0\"   data-hidden-behavior=\"zero\"\/><span class=\"forminator-checkbox-box\" aria-hidden=\"true\"><\/span><span class=\"forminator-checkbox-label\">After-Sales Certification<\/span><\/label><label id=\"forminator-field-checkbox-1-5-69e73a2de9c27-label\" for=\"forminator-field-checkbox-1-5-69e73a2de9c27\" class=\"forminator-checkbox forminator-checkbox-inline\" title=\"Other\"><input type=\"checkbox\" name=\"checkbox-1[]\" value=\"Di\u011fer\" id=\"forminator-field-checkbox-1-5-69e73a2de9c27\" aria-labelledby=\"forminator-field-checkbox-1-5-69e73a2de9c27-label\" data-calculation=\"0\"   data-hidden-behavior=\"zero\"\/><span class=\"forminator-checkbox-box\" aria-hidden=\"true\"><\/span><span class=\"forminator-checkbox-label\">Other<\/span><\/label><\/div><\/div><\/div><div class=\"forminator-row\"><div id=\"textarea-1\" class=\"forminator-field-textarea forminator-col forminator-col-12 \"><div class=\"forminator-field\"><label for=\"forminator-field-textarea-1_69e73a2de9c27\" id=\"forminator-field-textarea-1_69e73a2de9c27-label\" class=\"forminator-label\">Ek Bilgi<\/label><textarea name=\"textarea-1\" placeholder=\"L\u00fctfen eklemek istedi\u011finiz di\u011fer bilgileri de belirtiniz\" id=\"forminator-field-textarea-1_69e73a2de9c27\" class=\"forminator-textarea\" rows=\"6\" style=\"min-height:140px;\" ><\/textarea><\/div><\/div><\/div><div class=\"forminator-row\"><div id=\"checkbox-2\" class=\"forminator-field-checkbox forminator-col forminator-col-12 \"><div role=\"group\" class=\"forminator-field required\" aria-labelledby=\"forminator-checkbox-group-forminator-field-checkbox-2-69e73a2de9c27-label\"><label id=\"forminator-field-checkbox-2-1-69e73a2de9c27-label\" for=\"forminator-field-checkbox-2-1-69e73a2de9c27\" class=\"forminator-checkbox\" title=\"I have read and accepted the privacy policy\"><input type=\"checkbox\" name=\"checkbox-2[]\" value=\"one\" id=\"forminator-field-checkbox-2-1-69e73a2de9c27\" aria-labelledby=\"forminator-field-checkbox-2-1-69e73a2de9c27-label\" data-calculation=\"0\"   data-hidden-behavior=\"zero\"\/><span class=\"forminator-checkbox-box\" aria-hidden=\"true\"><\/span><span class=\"forminator-checkbox-label\">I have read and accepted the privacy policy<\/span><\/label><\/div><\/div><\/div><input type=\"hidden\" name=\"referer_url\" value=\"\" \/><div class=\"forminator-row forminator-row-last\"><div class=\"forminator-col\"><div class=\"forminator-field\"><button class=\"forminator-button forminator-button-submit\">Send<\/button><\/div><\/div><\/div><input type=\"hidden\" id=\"forminator_nonce\" name=\"forminator_nonce\" value=\"8017c9a493\" \/><input type=\"hidden\" name=\"_wp_http_referer\" value=\"\/en\/wp-json\/wp\/v2\/pages\/25214\" \/><input type=\"hidden\" name=\"form_id\" value=\"25510\"><input type=\"hidden\" name=\"page_id\" value=\"25214\"><input type=\"hidden\" name=\"form_type\" value=\"default\"><input type=\"hidden\" name=\"current_url\" value=\"https:\/\/talaycustoms.com\/en\/request-for-quote\/\"><input type=\"hidden\" name=\"render_id\" value=\"0\"><input type=\"hidden\" name=\"action\" value=\"forminator_submit_form_custom-forms\"><\/form><\/div>\n\t\t\t\t\t\t<\/div>\n\t\t\t\t<\/div>\n\t\t\t\t<\/div>\n\t\t\t\t<\/div>\n\t\t\t\t<\/div>\n\t\t\t\t\t<\/div>\n\t\t\t\t<\/div>\n\t\t\t\t<\/div>\n\t\t","protected":false},"excerpt":{"rendered":"<p>Request For Quote Filling out the form below completelywill ensure a perfect response to you.<\/p>\n","protected":false},"author":1,"featured_media":0,"parent":0,"menu_order":0,"comment_status":"closed","ping_status":"closed","template":"","meta":{"footnotes":""},"class_list":["post-25214","page","type-page","status-publish","hentry"],"yoast_head":"<!-- This site is optimized with the Yoast SEO plugin v25.2 - https:\/\/yoast.com\/wordpress\/plugins\/seo\/ -->\n<title>Request For Quote - Talay Customs<\/title>\n<meta name=\"robots\" content=\"index, follow, max-snippet:-1, max-image-preview:large, max-video-preview:-1\" \/>\n<link rel=\"canonical\" href=\"https:\/\/talaycustoms.com\/teklif-talebi\/\" \/>\n<meta property=\"og:locale\" content=\"en_US\" \/>\n<meta property=\"og:type\" content=\"article\" \/>\n<meta property=\"og:title\" content=\"Request For Quote - Talay Customs\" \/>\n<meta property=\"og:description\" content=\"Request For Quote Filling out the form below completelywill ensure a perfect response to you.\" \/>\n<meta property=\"og:url\" content=\"https:\/\/talaycustoms.com\/teklif-talebi\/\" \/>\n<meta property=\"og:site_name\" content=\"Talay Customs\" \/>\n<meta property=\"article:modified_time\" content=\"2025-02-27T08:26:03+00:00\" \/>\n<meta name=\"twitter:card\" content=\"summary_large_image\" \/>\n<meta name=\"twitter:label1\" content=\"Est. reading time\" \/>\n\t<meta name=\"twitter:data1\" content=\"1 minute\" \/>\n<script type=\"application\/ld+json\" class=\"yoast-schema-graph\">{\"@context\":\"https:\/\/schema.org\",\"@graph\":[{\"@type\":\"WebPage\",\"@id\":\"https:\/\/talaycustoms.com\/teklif-talebi\/\",\"url\":\"https:\/\/talaycustoms.com\/teklif-talebi\/\",\"name\":\"Request For Quote - Talay Customs\",\"isPartOf\":{\"@id\":\"https:\/\/talaycustoms.com\/#website\"},\"datePublished\":\"2023-11-23T11:24:51+00:00\",\"dateModified\":\"2025-02-27T08:26:03+00:00\",\"breadcrumb\":{\"@id\":\"https:\/\/talaycustoms.com\/teklif-talebi\/#breadcrumb\"},\"inLanguage\":\"en-US\",\"potentialAction\":[{\"@type\":\"ReadAction\",\"target\":[\"https:\/\/talaycustoms.com\/teklif-talebi\/\"]}]},{\"@type\":\"BreadcrumbList\",\"@id\":\"https:\/\/talaycustoms.com\/teklif-talebi\/#breadcrumb\",\"itemListElement\":[{\"@type\":\"ListItem\",\"position\":1,\"name\":\"Anasayfa\",\"item\":\"https:\/\/talaycustoms.com\/\"},{\"@type\":\"ListItem\",\"position\":2,\"name\":\"Request For Quote\"}]},{\"@type\":\"WebSite\",\"@id\":\"https:\/\/talaycustoms.com\/#website\",\"url\":\"https:\/\/talaycustoms.com\/\",\"name\":\"Talay Customs\",\"description\":\"G\u00fcmr\u00fckleme ve Sertifika Hizmetleri\",\"potentialAction\":[{\"@type\":\"SearchAction\",\"target\":{\"@type\":\"EntryPoint\",\"urlTemplate\":\"https:\/\/talaycustoms.com\/?s={search_term_string}\"},\"query-input\":{\"@type\":\"PropertyValueSpecification\",\"valueRequired\":true,\"valueName\":\"search_term_string\"}}],\"inLanguage\":\"en-US\"}]}<\/script>\n<!-- \/ Yoast SEO plugin. -->","yoast_head_json":{"title":"Request For Quote - Talay Customs","robots":{"index":"index","follow":"follow","max-snippet":"max-snippet:-1","max-image-preview":"max-image-preview:large","max-video-preview":"max-video-preview:-1"},"canonical":"https:\/\/talaycustoms.com\/teklif-talebi\/","og_locale":"en_US","og_type":"article","og_title":"Request For Quote - Talay Customs","og_description":"Request For Quote Filling out the form below completelywill ensure a perfect response to you.","og_url":"https:\/\/talaycustoms.com\/teklif-talebi\/","og_site_name":"Talay Customs","article_modified_time":"2025-02-27T08:26:03+00:00","twitter_card":"summary_large_image","twitter_misc":{"Est. reading time":"1 minute"},"schema":{"@context":"https:\/\/schema.org","@graph":[{"@type":"WebPage","@id":"https:\/\/talaycustoms.com\/teklif-talebi\/","url":"https:\/\/talaycustoms.com\/teklif-talebi\/","name":"Request For Quote - Talay Customs","isPartOf":{"@id":"https:\/\/talaycustoms.com\/#website"},"datePublished":"2023-11-23T11:24:51+00:00","dateModified":"2025-02-27T08:26:03+00:00","breadcrumb":{"@id":"https:\/\/talaycustoms.com\/teklif-talebi\/#breadcrumb"},"inLanguage":"en-US","potentialAction":[{"@type":"ReadAction","target":["https:\/\/talaycustoms.com\/teklif-talebi\/"]}]},{"@type":"BreadcrumbList","@id":"https:\/\/talaycustoms.com\/teklif-talebi\/#breadcrumb","itemListElement":[{"@type":"ListItem","position":1,"name":"Anasayfa","item":"https:\/\/talaycustoms.com\/"},{"@type":"ListItem","position":2,"name":"Request For Quote"}]},{"@type":"WebSite","@id":"https:\/\/talaycustoms.com\/#website","url":"https:\/\/talaycustoms.com\/","name":"Talay Customs","description":"G\u00fcmr\u00fckleme ve Sertifika Hizmetleri","potentialAction":[{"@type":"SearchAction","target":{"@type":"EntryPoint","urlTemplate":"https:\/\/talaycustoms.com\/?s={search_term_string}"},"query-input":{"@type":"PropertyValueSpecification","valueRequired":true,"valueName":"search_term_string"}}],"inLanguage":"en-US"}]}},"_links":{"self":[{"href":"https:\/\/talaycustoms.com\/en\/wp-json\/wp\/v2\/pages\/25214","targetHints":{"allow":["GET"]}}],"collection":[{"href":"https:\/\/talaycustoms.com\/en\/wp-json\/wp\/v2\/pages"}],"about":[{"href":"https:\/\/talaycustoms.com\/en\/wp-json\/wp\/v2\/types\/page"}],"author":[{"embeddable":true,"href":"https:\/\/talaycustoms.com\/en\/wp-json\/wp\/v2\/users\/1"}],"replies":[{"embeddable":true,"href":"https:\/\/talaycustoms.com\/en\/wp-json\/wp\/v2\/comments?post=25214"}],"version-history":[{"count":4,"href":"https:\/\/talaycustoms.com\/en\/wp-json\/wp\/v2\/pages\/25214\/revisions"}],"predecessor-version":[{"id":25513,"href":"https:\/\/talaycustoms.com\/en\/wp-json\/wp\/v2\/pages\/25214\/revisions\/25513"}],"wp:attachment":[{"href":"https:\/\/talaycustoms.com\/en\/wp-json\/wp\/v2\/media?parent=25214"}],"curies":[{"name":"wp","href":"https:\/\/api.w.org\/{rel}","templated":true}]}}